{"id":8,"date":"2019-11-08T15:09:33","date_gmt":"2019-11-08T14:09:33","guid":{"rendered":"https:\/\/horscadre.net\/?page_id=8"},"modified":"2024-06-27T12:41:04","modified_gmt":"2024-06-27T10:41:04","slug":"accueil","status":"publish","type":"page","link":"https:\/\/horscadre.net\/","title":{"rendered":"Accueil"},"content":{"rendered":"\n<h2 class=\"wp-block-heading\">AVANT PREMIERE<\/h2>\n\n\n\n<div class=\"xdj266r x11i5rnm xat24cr x1mh8g0r x1vvkbs x126k92a\">\n\n<figure><a href=\"https:\/\/horscadre.net\/wp-content\/uploads\/2023\/08\/visuel2.jpg\"><img fetchpriority=\"high\" decoding=\"async\" class=\"alignnone size-medium wp-image-221\" src=\"https:\/\/horscadre.net\/wp-content\/uploads\/2023\/08\/visuel2-50-212x300.webp\" alt=\"\" width=\"212\" height=\"300\" srcset=\"https:\/\/horscadre.net\/wp-content\/uploads\/2023\/08\/visuel2-50-212x300.webp 212w, https:\/\/horscadre.net\/wp-content\/uploads\/2023\/08\/visuel2-50-724x1024.webp 724w, https:\/\/horscadre.net\/wp-content\/uploads\/2023\/08\/visuel2-50-768x1086.webp 768w, https:\/\/horscadre.net\/wp-content\/uploads\/2023\/08\/visuel2-50-1086x1536.webp 1086w, https:\/\/horscadre.net\/wp-content\/uploads\/2023\/08\/visuel2-50-scaled.webp 1358w\" sizes=\"(max-width: 212px) 100vw, 212px\" \/><\/a><\/figure><div dir=\"auto\"><\/div>\n<div dir=\"auto\">Enfin Hors Cadre revient \u00e0 ses premiers amours, le jeu enqu\u00eate. Le th\u00e8me retenu est le spectacle !<\/div>\n<div dir=\"auto\">Quoi de mieux que de repartir \u00e0 l\u2019aventure et \u00e0 la recherche de l\u2019assassin dans une vrai salle de spectacle. La salle, les loges, les endroits \u00ab backstage \u00bb, en bref toutes les coulisses accessibles\u2026<\/div>\n<div dir=\"auto\">&nbsp;<\/div>\n<div dir=\"auto\">Rien ne serait possible sans le centre social Beaulieu et sa bien connue salle de spectacle. Venez donc croiser et interroger nos acteurs et nos techniciens, l\u2019un d\u2019eux pr\u00e9pare un mauvais coup !<\/div>\n<div dir=\"auto\">&nbsp;<\/div>\n<div dir=\"auto\">Ce jeu est accessible \u00e0 un public familial, vos enfants peuvent jouer avec vous ou au contraire jouer seul bien que pour certaines choses un parent c\u2019est cool pour lire des trucs \u2026 Mais apr\u00e8s tout, c\u2019est les petits devants et les grands derri\u00e8re.<\/div>\n<\/div>\n\n\n\n<div class=\"x11i5rnm xat24cr x1mh8g0r x1vvkbs xtlvy1s x126k92a\">\n<div dir=\"auto\">R\u00e9servez votre fin d\u2019apr\u00e8s midi du <strong>Samedi 28 Octobre 2023.<\/strong> <br>Appelez pour vous renseigner ou r\u00e9server le <strong>05.49.44.80.49<\/strong><\/div>\n<div dir=\"auto\">&nbsp;<\/div>\n<\/div>\n\n\n\n<p><a href=\"https:\/\/horscadre.net\/?page_id=229\">En savoir + <\/a><\/p>\n\n\n\n<div class=\"wp-block-group is-layout-constrained wp-block-group-is-layout-constrained\">\n<figure class=\"wp-block-image size-large is-resized\"><img decoding=\"async\" src=\"https:\/\/horscadre.net\/wp-content\/uploads\/2023\/08\/Logo_beaulieu_gris__coul-1024x410.webp\" alt=\"\" class=\"wp-image-240\" style=\"width:377px;height:150px\" width=\"377\" height=\"150\" srcset=\"https:\/\/horscadre.net\/wp-content\/uploads\/2023\/08\/Logo_beaulieu_gris__coul-1024x410.webp 1024w, https:\/\/horscadre.net\/wp-content\/uploads\/2023\/08\/Logo_beaulieu_gris__coul-300x120.webp 300w, https:\/\/horscadre.net\/wp-content\/uploads\/2023\/08\/Logo_beaulieu_gris__coul-768x307.webp 768w, https:\/\/horscadre.net\/wp-content\/uploads\/2023\/08\/Logo_beaulieu_gris__coul.webp 1182w\" sizes=\"(max-width: 377px) 100vw, 377px\" \/><\/figure>\n\n\n\n<figure class=\"wp-block-image size-large is-resized\"><img decoding=\"async\" src=\"https:\/\/horscadre.net\/wp-content\/uploads\/2023\/08\/petitlogoTRANS-1024x965.webp\" alt=\"\" class=\"wp-image-235\" style=\"width:289px;height:272px\" width=\"289\" height=\"272\" srcset=\"https:\/\/horscadre.net\/wp-content\/uploads\/2023\/08\/petitlogoTRANS-1024x965.webp 1024w, https:\/\/horscadre.net\/wp-content\/uploads\/2023\/08\/petitlogoTRANS-300x283.webp 300w, https:\/\/horscadre.net\/wp-content\/uploads\/2023\/08\/petitlogoTRANS-768x724.webp 768w, https:\/\/horscadre.net\/wp-content\/uploads\/2023\/08\/petitlogoTRANS-1536x1448.webp 1536w, https:\/\/horscadre.net\/wp-content\/uploads\/2023\/08\/petitlogoTRANS-2048x1931.gif 2048w\" sizes=\"(max-width: 289px) 100vw, 289px\" \/><\/figure>\n<\/div>\n\n\n\n<p>Le Vendredi 8 novembre 2019 notre site migrait ici.<br>Nous perdons notre acc\u00e8s en 2022 &#8230;<br>2023 Enfin de retour.<\/p>\n\n\n\n<p><\/p>\n\n\n\n<p><\/p>\n\n\n\n<p><\/p>\n","protected":false},"excerpt":{"rendered":"<p>AVANT PREMIERE Enfin Hors Cadre revient \u00e0 ses premiers amours, le jeu enqu\u00eate. Le th\u00e8me retenu est le spectacle ! Quoi de mieux que de repartir \u00e0 l\u2019aventure et \u00e0 la recherche de l\u2019assassin dans une vrai salle de spectacle. La salle, les loges, les endroits \u00ab backstage \u00bb, en bref toutes les coulisses accessibles\u2026 [&hellip;]<\/p>\n","protected":false},"author":1,"featured_media":0,"parent":0,"menu_order":0,"comment_status":"closed","ping_status":"open","template":"","meta":{"footnotes":""},"class_list":["post-8","page","type-page","status-publish","hentry"],"yoast_head":"<!-- This site is optimized with the Yoast SEO plugin v27.2 - https:\/\/yoast.com\/product\/yoast-seo-wordpress\/ -->\n<title>Accueil - Hors Cadre Association<\/title>\n<meta name=\"robots\" content=\"index, follow, max-snippet:-1, max-image-preview:large, max-video-preview:-1\" \/>\n<link rel=\"canonical\" href=\"https:\/\/horscadre.net\/\" \/>\n<meta property=\"og:locale\" content=\"fr_FR\" \/>\n<meta property=\"og:type\" content=\"article\" \/>\n<meta property=\"og:title\" content=\"Accueil - Hors Cadre Association\" \/>\n<meta property=\"og:description\" content=\"AVANT PREMIERE Enfin Hors Cadre revient \u00e0 ses premiers amours, le jeu enqu\u00eate. Le th\u00e8me retenu est le spectacle ! Quoi de mieux que de repartir \u00e0 l\u2019aventure et \u00e0 la recherche de l\u2019assassin dans une vrai salle de spectacle. La salle, les loges, les endroits \u00ab backstage \u00bb, en bref toutes les coulisses accessibles\u2026 [&hellip;]\" \/>\n<meta property=\"og:url\" content=\"https:\/\/horscadre.net\/\" \/>\n<meta property=\"og:site_name\" content=\"Hors Cadre Association\" \/>\n<meta property=\"article:modified_time\" content=\"2024-06-27T10:41:04+00:00\" \/>\n<meta property=\"og:image\" content=\"https:\/\/horscadre.net\/wp-content\/uploads\/2023\/08\/visuel2-50-scaled.webp\" \/>\n\t<meta property=\"og:image:width\" content=\"1358\" \/>\n\t<meta property=\"og:image:height\" content=\"1920\" \/>\n\t<meta property=\"og:image:type\" content=\"image\/webp\" \/>\n<meta name=\"twitter:card\" content=\"summary_large_image\" \/>\n<meta name=\"twitter:label1\" content=\"Dur\u00e9e de lecture estim\u00e9e\" \/>\n\t<meta name=\"twitter:data1\" content=\"1 minute\" \/>\n<script type=\"application\/ld+json\" class=\"yoast-schema-graph\">{\"@context\":\"https:\/\/schema.org\",\"@graph\":[{\"@type\":\"WebPage\",\"@id\":\"https:\/\/horscadre.net\/\",\"url\":\"https:\/\/horscadre.net\/\",\"name\":\"Accueil - Hors Cadre Association\",\"isPartOf\":{\"@id\":\"https:\/\/horscadre.net\/#website\"},\"primaryImageOfPage\":{\"@id\":\"https:\/\/horscadre.net\/#primaryimage\"},\"image\":{\"@id\":\"https:\/\/horscadre.net\/#primaryimage\"},\"thumbnailUrl\":\"https:\/\/horscadre.net\/wp-content\/uploads\/2023\/08\/visuel2-50-212x300.webp\",\"datePublished\":\"2019-11-08T14:09:33+00:00\",\"dateModified\":\"2024-06-27T10:41:04+00:00\",\"breadcrumb\":{\"@id\":\"https:\/\/horscadre.net\/#breadcrumb\"},\"inLanguage\":\"fr-FR\",\"potentialAction\":[{\"@type\":\"ReadAction\",\"target\":[\"https:\/\/horscadre.net\/\"]}]},{\"@type\":\"ImageObject\",\"inLanguage\":\"fr-FR\",\"@id\":\"https:\/\/horscadre.net\/#primaryimage\",\"url\":\"https:\/\/horscadre.net\/wp-content\/uploads\/2023\/08\/visuel2-50-scaled.webp\",\"contentUrl\":\"https:\/\/horscadre.net\/wp-content\/uploads\/2023\/08\/visuel2-50-scaled.webp\",\"width\":1358,\"height\":1920},{\"@type\":\"BreadcrumbList\",\"@id\":\"https:\/\/horscadre.net\/#breadcrumb\",\"itemListElement\":[{\"@type\":\"ListItem\",\"position\":1,\"name\":\"Home\",\"item\":\"https:\/\/horscadre.net\/\"},{\"@type\":\"ListItem\",\"position\":2,\"name\":\"Accueil\"}]},{\"@type\":\"WebSite\",\"@id\":\"https:\/\/horscadre.net\/#website\",\"url\":\"https:\/\/horscadre.net\/\",\"name\":\"Hors Cadre Association\",\"description\":\"Un souffle cr\u00e9ateur\",\"potentialAction\":[{\"@type\":\"SearchAction\",\"target\":{\"@type\":\"EntryPoint\",\"urlTemplate\":\"https:\/\/horscadre.net\/?s={search_term_string}\"},\"query-input\":{\"@type\":\"PropertyValueSpecification\",\"valueRequired\":true,\"valueName\":\"search_term_string\"}}],\"inLanguage\":\"fr-FR\"}]}<\/script>\n<!-- \/ Yoast SEO plugin. -->","yoast_head_json":{"title":"Accueil - Hors Cadre Association","robots":{"index":"index","follow":"follow","max-snippet":"max-snippet:-1","max-image-preview":"max-image-preview:large","max-video-preview":"max-video-preview:-1"},"canonical":"https:\/\/horscadre.net\/","og_locale":"fr_FR","og_type":"article","og_title":"Accueil - Hors Cadre Association","og_description":"AVANT PREMIERE Enfin Hors Cadre revient \u00e0 ses premiers amours, le jeu enqu\u00eate. Le th\u00e8me retenu est le spectacle ! Quoi de mieux que de repartir \u00e0 l\u2019aventure et \u00e0 la recherche de l\u2019assassin dans une vrai salle de spectacle. La salle, les loges, les endroits \u00ab backstage \u00bb, en bref toutes les coulisses accessibles\u2026 [&hellip;]","og_url":"https:\/\/horscadre.net\/","og_site_name":"Hors Cadre Association","article_modified_time":"2024-06-27T10:41:04+00:00","og_image":[{"width":1358,"height":1920,"url":"https:\/\/horscadre.net\/wp-content\/uploads\/2023\/08\/visuel2-50-scaled.webp","type":"image\/webp"}],"twitter_card":"summary_large_image","twitter_misc":{"Dur\u00e9e de lecture estim\u00e9e":"1 minute"},"schema":{"@context":"https:\/\/schema.org","@graph":[{"@type":"WebPage","@id":"https:\/\/horscadre.net\/","url":"https:\/\/horscadre.net\/","name":"Accueil - Hors Cadre Association","isPartOf":{"@id":"https:\/\/horscadre.net\/#website"},"primaryImageOfPage":{"@id":"https:\/\/horscadre.net\/#primaryimage"},"image":{"@id":"https:\/\/horscadre.net\/#primaryimage"},"thumbnailUrl":"https:\/\/horscadre.net\/wp-content\/uploads\/2023\/08\/visuel2-50-212x300.webp","datePublished":"2019-11-08T14:09:33+00:00","dateModified":"2024-06-27T10:41:04+00:00","breadcrumb":{"@id":"https:\/\/horscadre.net\/#breadcrumb"},"inLanguage":"fr-FR","potentialAction":[{"@type":"ReadAction","target":["https:\/\/horscadre.net\/"]}]},{"@type":"ImageObject","inLanguage":"fr-FR","@id":"https:\/\/horscadre.net\/#primaryimage","url":"https:\/\/horscadre.net\/wp-content\/uploads\/2023\/08\/visuel2-50-scaled.webp","contentUrl":"https:\/\/horscadre.net\/wp-content\/uploads\/2023\/08\/visuel2-50-scaled.webp","width":1358,"height":1920},{"@type":"BreadcrumbList","@id":"https:\/\/horscadre.net\/#breadcrumb","itemListElement":[{"@type":"ListItem","position":1,"name":"Home","item":"https:\/\/horscadre.net\/"},{"@type":"ListItem","position":2,"name":"Accueil"}]},{"@type":"WebSite","@id":"https:\/\/horscadre.net\/#website","url":"https:\/\/horscadre.net\/","name":"Hors Cadre Association","description":"Un souffle cr\u00e9ateur","potentialAction":[{"@type":"SearchAction","target":{"@type":"EntryPoint","urlTemplate":"https:\/\/horscadre.net\/?s={search_term_string}"},"query-input":{"@type":"PropertyValueSpecification","valueRequired":true,"valueName":"search_term_string"}}],"inLanguage":"fr-FR"}]}},"_links":{"self":[{"href":"https:\/\/horscadre.net\/index.php?rest_route=\/wp\/v2\/pages\/8","targetHints":{"allow":["GET"]}}],"collection":[{"href":"https:\/\/horscadre.net\/index.php?rest_route=\/wp\/v2\/pages"}],"about":[{"href":"https:\/\/horscadre.net\/index.php?rest_route=\/wp\/v2\/types\/page"}],"author":[{"embeddable":true,"href":"https:\/\/horscadre.net\/index.php?rest_route=\/wp\/v2\/users\/1"}],"replies":[{"embeddable":true,"href":"https:\/\/horscadre.net\/index.php?rest_route=%2Fwp%2Fv2%2Fcomments&post=8"}],"version-history":[{"count":18,"href":"https:\/\/horscadre.net\/index.php?rest_route=\/wp\/v2\/pages\/8\/revisions"}],"predecessor-version":[{"id":340,"href":"https:\/\/horscadre.net\/index.php?rest_route=\/wp\/v2\/pages\/8\/revisions\/340"}],"wp:attachment":[{"href":"https:\/\/horscadre.net\/index.php?rest_route=%2Fwp%2Fv2%2Fmedia&parent=8"}],"curies":[{"name":"wp","href":"https:\/\/api.w.org\/{rel}","templated":true}]}}