{"id":93,"date":"2019-11-10T18:44:07","date_gmt":"2019-11-10T17:44:07","guid":{"rendered":"https:\/\/horscadre.net\/?page_id=93"},"modified":"2021-01-04T15:15:14","modified_gmt":"2021-01-04T14:15:14","slug":"collectif-de-la-melusine","status":"publish","type":"page","link":"https:\/\/horscadre.net\/?page_id=93","title":{"rendered":"Collectif de la m\u00e9lusine"},"content":{"rendered":"\t\t<div data-elementor-type=\"wp-page\" data-elementor-id=\"93\" class=\"elementor elementor-93\">\n\t\t\t\t\t\t<section class=\"elementor-section elementor-top-section elementor-element elementor-element-3c5adac elementor-section-boxed elementor-section-height-default elementor-section-height-default\" data-id=\"3c5adac\" data-element_type=\"section\">\n\t\t\t\t\t\t<div class=\"elementor-container elementor-column-gap-default\">\n\t\t\t\t\t<div class=\"elementor-column elementor-col-100 elementor-top-column elementor-element elementor-element-9630a8a\" data-id=\"9630a8a\" data-element_type=\"column\">\n\t\t\t<div class=\"elementor-widget-wrap elementor-element-populated\">\n\t\t\t\t\t\t<div class=\"elementor-element elementor-element-81834e5 elementor-view-default elementor-position-top elementor-mobile-position-top elementor-widget elementor-widget-icon-box\" data-id=\"81834e5\" data-element_type=\"widget\" data-widget_type=\"icon-box.default\">\n\t\t\t\t<div class=\"elementor-widget-container\">\n\t\t\t\t\t\t\t<div class=\"elementor-icon-box-wrapper\">\n\n\t\t\t\t\t\t<div class=\"elementor-icon-box-icon\">\n\t\t\t\t<span  class=\"elementor-icon\">\n\t\t\t\t<i aria-hidden=\"true\" class=\"fas fa-signature\"><\/i>\t\t\t\t<\/span>\n\t\t\t<\/div>\n\t\t\t\n\t\t\t\t\t\t<div class=\"elementor-icon-box-content\">\n\n\t\t\t\t\t\t\t\t\t<h3 class=\"elementor-icon-box-title\">\n\t\t\t\t\t\t<span  >\n\t\t\t\t\t\t\tTiers Lieu la M\u00e9lusine\t\t\t\t\t\t<\/span>\n\t\t\t\t\t<\/h3>\n\t\t\t\t\n\t\t\t\t\t\t\t\t\t<p class=\"elementor-icon-box-description\">\n\t\t\t\t\t\tG\u00e9r\u00e9 par le collectif de la M\u00e9lusine\t\t\t\t\t<\/p>\n\t\t\t\t\n\t\t\t<\/div>\n\t\t\t\n\t\t<\/div>\n\t\t\t\t\t\t<\/div>\n\t\t\t\t<\/div>\n\t\t\t\t\t<\/div>\n\t\t<\/div>\n\t\t\t\t\t<\/div>\n\t\t<\/section>\n\t\t\t\t<section class=\"elementor-section elementor-top-section elementor-element elementor-element-3fa0ac3 elementor-section-boxed elementor-section-height-default elementor-section-height-default\" data-id=\"3fa0ac3\" data-element_type=\"section\">\n\t\t\t\t\t\t<div class=\"elementor-container elementor-column-gap-default\">\n\t\t\t\t\t<div class=\"elementor-column elementor-col-100 elementor-top-column elementor-element elementor-element-ccb24c4\" data-id=\"ccb24c4\" data-element_type=\"column\">\n\t\t\t<div class=\"elementor-widget-wrap elementor-element-populated\">\n\t\t\t\t\t\t<div class=\"elementor-element elementor-element-2d408f1 elementor-widget elementor-widget-text-editor\" data-id=\"2d408f1\" data-element_type=\"widget\" data-widget_type=\"text-editor.default\">\n\t\t\t\t<div class=\"elementor-widget-container\">\n\t\t\t\t\t\t\t\t\t<p><\/p>\n<p style=\"text-align: left;\">Le Tiers lieu de La M\u00e9lusine est un site situ\u00e9 sur la commune de Lusigan <span style=\"font-size: 1rem;\">\u00a0<\/span><span style=\"font-size: 1rem;\">pr\u00e8s de Poitiers dans la Vienne (86) et dont la gestion est confi\u00e9e \u00e0\u00a0<\/span><span style=\"font-size: 1rem;\">un collectif d\u2019associations.<\/span><\/p>\n<p><\/p>\n<p><\/p>\n<p>Il a pour but d\u00e9sormais de valoriser une friche commerciale (ancien Leader Price), en y cr\u00e9ant une structure de co-activit\u00e9 et de collaboration entre associations, professionnels et particuliers (salari\u00e9s ou b\u00e9n\u00e9voles).<br \/>Son ambition est d&rsquo;intervenir dans un \u00e9ventail de domaines le plus vari\u00e9 possible\u00a0 mais orient\u00e9 vers les animations, les prestations artistiques, les activit\u00e9s sportives, et les ateliers cr\u00e9atifs et ludiques,\u2026<\/p>\n<p><\/p>\n<p><\/p>\n<p><strong>Quatre crit\u00e8res (ou principes) accompagnent et orientent notre d\u00e9marche. <\/strong><\/p>\n<p><\/p>\n<p><\/p>\n<p>&#8211; Privil\u00e9gier et <em>Diversifier les activit\u00e9s<\/em> pr\u00f4nant la co-activit\u00e9 et le partage, les activit\u00e9s sportives, p\u00e9dagogiques et culturelles ax\u00e9es sur la d\u00e9couverte, l\u2019expression th\u00e9\u00e2trale, la sensibilisation et l\u2019encouragement du travail en \u00e9quipe, en privil\u00e9giant d\u00e9tente, loisir et r\u00e9flexion.<\/p>\n<p><\/p>\n<p><\/p>\n<p>&#8211; Donner une dimension <em>solidaire et \u00e9cologique<\/em> au site en revalorisant, \u00e0 chaque fois que cela est possible, des ressources d\u00e9j\u00e0 existantes destin\u00e9es \u00e0 devenir un d\u00e9chet sans notre intervention.<\/p>\n<p><\/p>\n<p><\/p>\n<p>&#8211; Permettre \u00e0 terme, la <em>cr\u00e9ation d\u2019emplois<\/em> gr\u00e2ce \u00e0 l\u2019ouverture permanente du site et donc une pr\u00e9sence humaine constante sur place.<\/p>\n<p><\/p>\n<p><\/p>\n<p>&#8211; Enfin, notre but est de faire de cette structure un <em>centre de vie local<\/em> o\u00f9 les enfants et les adultes ne viennent pas uniquement pour \u00ab\u00a0consommer du savoir, du sport et du loisir\u00a0\u00bb, mais aussi pour, s&rsquo;investir dans nos actions, et d\u00e9velopper leur sens de l\u2019entraide et du partage, voir devenir des porteurs de projets\u2026<\/p>\n<p><\/p>\n<p><\/p>\n<figure><img decoding=\"async\" class=\"size-medium wp-image-146 aligncenter\" src=\"https:\/\/horscadre.net\/wp-content\/uploads\/2021\/01\/leader-300x134.jpg\" alt=\"\" width=\"300\" height=\"134\" srcset=\"https:\/\/horscadre.net\/wp-content\/uploads\/2021\/01\/leader-300x134.jpg 300w, https:\/\/horscadre.net\/wp-content\/uploads\/2021\/01\/leader-1024x458.jpg 1024w, https:\/\/horscadre.net\/wp-content\/uploads\/2021\/01\/leader-768x343.jpg 768w, https:\/\/horscadre.net\/wp-content\/uploads\/2021\/01\/leader.jpg 1295w\" sizes=\"(max-width: 300px) 100vw, 300px\" \/>\n<p>\u00a0<\/p>\n<figcaption>La friche industrielle \u00ab\u00a0leader price &#8211; Le site du Tiers Lieu abritant le projet du Collectif de la M\u00e9lusine<\/figcaption>\n<\/figure>\n<p><\/p>\n<p><\/p>\n<p><u>Le projet est port\u00e9 par neuf associations (pour le moment) qui collaborent ensemble \u00e0 la r\u00e9alisation de ce tiers-lieu dans la Vienne au sud de Poitiers.<br \/>D&rsquo;autres associations sont appel\u00e9es \u00e0 nous rejoindre(peut-\u00eatre la votre) alors n&rsquo;h\u00e9sitez pas \u00e0 prendre contact.<\/u><\/p>\n<p><\/p>\n<p><\/p>\n<p>Mais qu&rsquo;es ce que sera la m\u00e9lusine, (la m\u00e9lu pour les membres.).<br \/>C&rsquo;est un espace physique accueillant une communaut\u00e9 au sens large du terme, partageant:<br \/>&#8211; librement ressources, comp\u00e9tences et savoirs- faire.<br \/>&#8211; recr\u00e9ant du lien entre les gens<br \/>&#8211; F\u00e9d\u00e9rant des porteurs de projets locaux autour de la M\u00e9lu, mais aussi des citoyens, r\u00e9sidents locaux ou non, pour qu\u2019ils participent et animent les lieux.<\/p>\n<p><b>S\u2019appuyant sur ce partage, la M\u00e9lu proposera un large \u00e9ventail de possibilit\u00e9s:<\/b><br \/>Des espaces de travail partag\u00e9 (coworking);<br \/>des opens space;\u00a0<br \/>des Fab lab ( atelier couture, atelier bois, atelier m\u00e9tal, Impression 3D, Atelier plastiques)&#8230; ;<br \/>de l\u2019accompagnement de projet, (audio visuel, jeux, spectacles,autoentrepreneurs,&#8230;) ;<br \/>des espaces e-sport, (d\u00e9signe la pratique sur Internet ou en LAN-party d&rsquo;un jeu vid\u00e9o seul ou en \u00e9quipe, par le biais d&rsquo;un ordinateur ou d&rsquo;une console de jeux vid\u00e9o.) avec entre autre un espace retrogaming, en cours de cr\u00e9ation ;<br \/>du team-building,(en fran\u00e7ais renforcement d&rsquo;\u00e9quipe, l&rsquo;objectif est le resserrement des liens entre les membres d&rsquo;une \u00e9quipe.) ;<br \/><span style=\"font-size: 1rem;\">des salles \u00e0 la locations (bureaux, salles de r\u00e9union, lieux de stockage,&#8230;) :<br \/><\/span><span style=\"font-size: 1rem;\">du mat\u00e9riel disponible en locations, (stocks de costumes, accessoires et d\u00e9cors);<br \/>des Caf\u00e9s r\u00e9parations sur place ou dans les villages du pays M\u00e9lusin ;<br \/><\/span><span style=\"font-size: 1rem;\">des ateliers de cr\u00e9ations artistiques,des espaces de loisirs tel que escapes game, soir\u00e9es enqu\u00eates, escrime ludique,&#8230; ;<\/span><\/p>\n<p><\/p>\t\t\t\t\t\t\t\t<\/div>\n\t\t\t\t<\/div>\n\t\t\t\t\t<\/div>\n\t\t<\/div>\n\t\t\t\t\t<\/div>\n\t\t<\/section>\n\t\t\t\t<section class=\"elementor-section elementor-top-section elementor-element elementor-element-3584fd8 elementor-section-boxed elementor-section-height-default elementor-section-height-default\" data-id=\"3584fd8\" data-element_type=\"section\">\n\t\t\t\t\t\t<div class=\"elementor-container elementor-column-gap-default\">\n\t\t\t\t\t<div class=\"elementor-column elementor-col-100 elementor-top-column elementor-element elementor-element-11f155a\" data-id=\"11f155a\" data-element_type=\"column\">\n\t\t\t<div class=\"elementor-widget-wrap elementor-element-populated\">\n\t\t\t\t\t\t<div class=\"elementor-element elementor-element-b784841 elementor-widget elementor-widget-google_maps\" data-id=\"b784841\" data-element_type=\"widget\" data-widget_type=\"google_maps.default\">\n\t\t\t\t<div class=\"elementor-widget-container\">\n\t\t\t\t\t\t\t<div class=\"elementor-custom-embed\">\n\t\t\t<iframe loading=\"lazy\"\n\t\t\t\t\tsrc=\"https:\/\/maps.google.com\/maps?q=%208%20Rue%20de%20la%20Roche%20Grolleau%2C%2086600%20Lusignan&#038;t=m&#038;z=10&#038;output=embed&#038;iwloc=near\"\n\t\t\t\t\ttitle=\" 8 Rue de la Roche Grolleau, 86600 Lusignan\"\n\t\t\t\t\taria-label=\" 8 Rue de la Roche Grolleau, 86600 Lusignan\"\n\t\t\t><\/iframe>\n\t\t<\/div>\n\t\t\t\t\t\t<\/div>\n\t\t\t\t<\/div>\n\t\t\t\t\t<\/div>\n\t\t<\/div>\n\t\t\t\t\t<\/div>\n\t\t<\/section>\n\t\t\t\t<section class=\"elementor-section elementor-top-section elementor-element elementor-element-dca0f6d elementor-section-boxed elementor-section-height-default elementor-section-height-default\" data-id=\"dca0f6d\" data-element_type=\"section\">\n\t\t\t\t\t\t<div class=\"elementor-container elementor-column-gap-default\">\n\t\t\t\t\t<div class=\"elementor-column elementor-col-100 elementor-top-column elementor-element elementor-element-3191bab\" data-id=\"3191bab\" data-element_type=\"column\">\n\t\t\t<div class=\"elementor-widget-wrap elementor-element-populated\">\n\t\t\t\t\t\t<div class=\"elementor-element elementor-element-d5a7fec elementor-widget elementor-widget-spacer\" data-id=\"d5a7fec\" data-element_type=\"widget\" data-widget_type=\"spacer.default\">\n\t\t\t\t<div class=\"elementor-widget-container\">\n\t\t\t\t\t\t\t<div class=\"elementor-spacer\">\n\t\t\t<div class=\"elementor-spacer-inner\"><\/div>\n\t\t<\/div>\n\t\t\t\t\t\t<\/div>\n\t\t\t\t<\/div>\n\t\t\t\t<div class=\"elementor-element elementor-element-e966520 elementor-shape-circle elementor-grid-0 e-grid-align-center elementor-widget elementor-widget-social-icons\" data-id=\"e966520\" data-element_type=\"widget\" data-widget_type=\"social-icons.default\">\n\t\t\t\t<div class=\"elementor-widget-container\">\n\t\t\t\t\t\t\t<div class=\"elementor-social-icons-wrapper elementor-grid\">\n\t\t\t\t\t\t\t<span class=\"elementor-grid-item\">\n\t\t\t\t\t<a class=\"elementor-icon elementor-social-icon elementor-social-icon-facebook elementor-repeater-item-cfb2d96\" href=\"https:\/\/www.facebook.com\/Collectif-de-la-m%C3%A9lusine-1354922794622342\/\" target=\"_blank\">\n\t\t\t\t\t\t<span class=\"elementor-screen-only\">Facebook<\/span>\n\t\t\t\t\t\t<i aria-hidden=\"true\" class=\"fab fa-facebook\"><\/i>\t\t\t\t\t<\/a>\n\t\t\t\t<\/span>\n\t\t\t\t\t<\/div>\n\t\t\t\t\t\t<\/div>\n\t\t\t\t<\/div>\n\t\t\t\t\t<\/div>\n\t\t<\/div>\n\t\t\t\t\t<\/div>\n\t\t<\/section>\n\t\t\t\t<\/div>\n\t\t","protected":false},"excerpt":{"rendered":"<p>Tiers Lieu la M\u00e9lusine G\u00e9r\u00e9 par le collectif de la M\u00e9lusine Le Tiers lieu de La M\u00e9lusine est un site situ\u00e9 sur la commune de Lusigan \u00a0pr\u00e8s de Poitiers dans la Vienne (86) et dont la gestion est confi\u00e9e \u00e0\u00a0un collectif d\u2019associations. Il a pour but d\u00e9sormais de valoriser une friche commerciale (ancien Leader Price), [&hellip;]<\/p>\n","protected":false},"author":1,"featured_media":0,"parent":0,"menu_order":0,"comment_status":"closed","ping_status":"closed","template":"","meta":{"footnotes":""},"class_list":["post-93","page","type-page","status-publish","hentry"],"yoast_head":"<!-- This site is optimized with the Yoast SEO plugin v27.2 - https:\/\/yoast.com\/product\/yoast-seo-wordpress\/ -->\n<title>Collectif de la m\u00e9lusine - Hors Cadre Association<\/title>\n<meta name=\"robots\" content=\"index, follow, max-snippet:-1, max-image-preview:large, max-video-preview:-1\" \/>\n<link rel=\"canonical\" href=\"https:\/\/horscadre.net\/?page_id=93\" \/>\n<meta property=\"og:locale\" content=\"fr_FR\" \/>\n<meta property=\"og:type\" content=\"article\" \/>\n<meta property=\"og:title\" content=\"Collectif de la m\u00e9lusine - Hors Cadre Association\" \/>\n<meta property=\"og:description\" content=\"Tiers Lieu la M\u00e9lusine G\u00e9r\u00e9 par le collectif de la M\u00e9lusine Le Tiers lieu de La M\u00e9lusine est un site situ\u00e9 sur la commune de Lusigan \u00a0pr\u00e8s de Poitiers dans la Vienne (86) et dont la gestion est confi\u00e9e \u00e0\u00a0un collectif d\u2019associations. Il a pour but d\u00e9sormais de valoriser une friche commerciale (ancien Leader Price), [&hellip;]\" \/>\n<meta property=\"og:url\" content=\"https:\/\/horscadre.net\/?page_id=93\" \/>\n<meta property=\"og:site_name\" content=\"Hors Cadre Association\" \/>\n<meta property=\"article:modified_time\" content=\"2021-01-04T14:15:14+00:00\" \/>\n<meta property=\"og:image\" content=\"https:\/\/horscadre.net\/wp-content\/uploads\/2021\/01\/leader.jpg\" \/>\n\t<meta property=\"og:image:width\" content=\"1295\" \/>\n\t<meta property=\"og:image:height\" content=\"579\" \/>\n\t<meta property=\"og:image:type\" content=\"image\/jpeg\" \/>\n<meta name=\"twitter:card\" content=\"summary_large_image\" \/>\n<meta name=\"twitter:label1\" content=\"Dur\u00e9e de lecture estim\u00e9e\" \/>\n\t<meta name=\"twitter:data1\" content=\"3 minutes\" \/>\n<script type=\"application\/ld+json\" class=\"yoast-schema-graph\">{\"@context\":\"https:\/\/schema.org\",\"@graph\":[{\"@type\":\"WebPage\",\"@id\":\"https:\/\/horscadre.net\/?page_id=93\",\"url\":\"https:\/\/horscadre.net\/?page_id=93\",\"name\":\"Collectif de la m\u00e9lusine - Hors Cadre Association\",\"isPartOf\":{\"@id\":\"https:\/\/horscadre.net\/#website\"},\"primaryImageOfPage\":{\"@id\":\"https:\/\/horscadre.net\/?page_id=93#primaryimage\"},\"image\":{\"@id\":\"https:\/\/horscadre.net\/?page_id=93#primaryimage\"},\"thumbnailUrl\":\"https:\/\/horscadre.net\/wp-content\/uploads\/2021\/01\/leader-300x134.jpg\",\"datePublished\":\"2019-11-10T17:44:07+00:00\",\"dateModified\":\"2021-01-04T14:15:14+00:00\",\"breadcrumb\":{\"@id\":\"https:\/\/horscadre.net\/?page_id=93#breadcrumb\"},\"inLanguage\":\"fr-FR\",\"potentialAction\":[{\"@type\":\"ReadAction\",\"target\":[\"https:\/\/horscadre.net\/?page_id=93\"]}]},{\"@type\":\"ImageObject\",\"inLanguage\":\"fr-FR\",\"@id\":\"https:\/\/horscadre.net\/?page_id=93#primaryimage\",\"url\":\"https:\/\/horscadre.net\/wp-content\/uploads\/2021\/01\/leader.jpg\",\"contentUrl\":\"https:\/\/horscadre.net\/wp-content\/uploads\/2021\/01\/leader.jpg\",\"width\":1295,\"height\":579},{\"@type\":\"BreadcrumbList\",\"@id\":\"https:\/\/horscadre.net\/?page_id=93#breadcrumb\",\"itemListElement\":[{\"@type\":\"ListItem\",\"position\":1,\"name\":\"Home\",\"item\":\"https:\/\/horscadre.net\/\"},{\"@type\":\"ListItem\",\"position\":2,\"name\":\"Collectif de la m\u00e9lusine\"}]},{\"@type\":\"WebSite\",\"@id\":\"https:\/\/horscadre.net\/#website\",\"url\":\"https:\/\/horscadre.net\/\",\"name\":\"Hors Cadre Association\",\"description\":\"Un souffle cr\u00e9ateur\",\"potentialAction\":[{\"@type\":\"SearchAction\",\"target\":{\"@type\":\"EntryPoint\",\"urlTemplate\":\"https:\/\/horscadre.net\/?s={search_term_string}\"},\"query-input\":{\"@type\":\"PropertyValueSpecification\",\"valueRequired\":true,\"valueName\":\"search_term_string\"}}],\"inLanguage\":\"fr-FR\"}]}<\/script>\n<!-- \/ Yoast SEO plugin. -->","yoast_head_json":{"title":"Collectif de la m\u00e9lusine - Hors Cadre Association","robots":{"index":"index","follow":"follow","max-snippet":"max-snippet:-1","max-image-preview":"max-image-preview:large","max-video-preview":"max-video-preview:-1"},"canonical":"https:\/\/horscadre.net\/?page_id=93","og_locale":"fr_FR","og_type":"article","og_title":"Collectif de la m\u00e9lusine - Hors Cadre Association","og_description":"Tiers Lieu la M\u00e9lusine G\u00e9r\u00e9 par le collectif de la M\u00e9lusine Le Tiers lieu de La M\u00e9lusine est un site situ\u00e9 sur la commune de Lusigan \u00a0pr\u00e8s de Poitiers dans la Vienne (86) et dont la gestion est confi\u00e9e \u00e0\u00a0un collectif d\u2019associations. Il a pour but d\u00e9sormais de valoriser une friche commerciale (ancien Leader Price), [&hellip;]","og_url":"https:\/\/horscadre.net\/?page_id=93","og_site_name":"Hors Cadre Association","article_modified_time":"2021-01-04T14:15:14+00:00","og_image":[{"width":1295,"height":579,"url":"https:\/\/horscadre.net\/wp-content\/uploads\/2021\/01\/leader.jpg","type":"image\/jpeg"}],"twitter_card":"summary_large_image","twitter_misc":{"Dur\u00e9e de lecture estim\u00e9e":"3 minutes"},"schema":{"@context":"https:\/\/schema.org","@graph":[{"@type":"WebPage","@id":"https:\/\/horscadre.net\/?page_id=93","url":"https:\/\/horscadre.net\/?page_id=93","name":"Collectif de la m\u00e9lusine - Hors Cadre Association","isPartOf":{"@id":"https:\/\/horscadre.net\/#website"},"primaryImageOfPage":{"@id":"https:\/\/horscadre.net\/?page_id=93#primaryimage"},"image":{"@id":"https:\/\/horscadre.net\/?page_id=93#primaryimage"},"thumbnailUrl":"https:\/\/horscadre.net\/wp-content\/uploads\/2021\/01\/leader-300x134.jpg","datePublished":"2019-11-10T17:44:07+00:00","dateModified":"2021-01-04T14:15:14+00:00","breadcrumb":{"@id":"https:\/\/horscadre.net\/?page_id=93#breadcrumb"},"inLanguage":"fr-FR","potentialAction":[{"@type":"ReadAction","target":["https:\/\/horscadre.net\/?page_id=93"]}]},{"@type":"ImageObject","inLanguage":"fr-FR","@id":"https:\/\/horscadre.net\/?page_id=93#primaryimage","url":"https:\/\/horscadre.net\/wp-content\/uploads\/2021\/01\/leader.jpg","contentUrl":"https:\/\/horscadre.net\/wp-content\/uploads\/2021\/01\/leader.jpg","width":1295,"height":579},{"@type":"BreadcrumbList","@id":"https:\/\/horscadre.net\/?page_id=93#breadcrumb","itemListElement":[{"@type":"ListItem","position":1,"name":"Home","item":"https:\/\/horscadre.net\/"},{"@type":"ListItem","position":2,"name":"Collectif de la m\u00e9lusine"}]},{"@type":"WebSite","@id":"https:\/\/horscadre.net\/#website","url":"https:\/\/horscadre.net\/","name":"Hors Cadre Association","description":"Un souffle cr\u00e9ateur","potentialAction":[{"@type":"SearchAction","target":{"@type":"EntryPoint","urlTemplate":"https:\/\/horscadre.net\/?s={search_term_string}"},"query-input":{"@type":"PropertyValueSpecification","valueRequired":true,"valueName":"search_term_string"}}],"inLanguage":"fr-FR"}]}},"_links":{"self":[{"href":"https:\/\/horscadre.net\/index.php?rest_route=\/wp\/v2\/pages\/93","targetHints":{"allow":["GET"]}}],"collection":[{"href":"https:\/\/horscadre.net\/index.php?rest_route=\/wp\/v2\/pages"}],"about":[{"href":"https:\/\/horscadre.net\/index.php?rest_route=\/wp\/v2\/types\/page"}],"author":[{"embeddable":true,"href":"https:\/\/horscadre.net\/index.php?rest_route=\/wp\/v2\/users\/1"}],"replies":[{"embeddable":true,"href":"https:\/\/horscadre.net\/index.php?rest_route=%2Fwp%2Fv2%2Fcomments&post=93"}],"version-history":[{"count":14,"href":"https:\/\/horscadre.net\/index.php?rest_route=\/wp\/v2\/pages\/93\/revisions"}],"predecessor-version":[{"id":153,"href":"https:\/\/horscadre.net\/index.php?rest_route=\/wp\/v2\/pages\/93\/revisions\/153"}],"wp:attachment":[{"href":"https:\/\/horscadre.net\/index.php?rest_route=%2Fwp%2Fv2%2Fmedia&parent=93"}],"curies":[{"name":"wp","href":"https:\/\/api.w.org\/{rel}","templated":true}]}}